{"id":393,"date":"2014-10-11T19:08:56","date_gmt":"2014-10-11T17:08:56","guid":{"rendered":"http:\/\/burgerking-lueneburg.de\/wp\/?page_id=393"},"modified":"2020-07-26T11:22:35","modified_gmt":"2020-07-26T09:22:35","slug":"kindergeburtstage","status":"publish","type":"page","link":"https:\/\/burgerking-lueneburg.de\/?page_id=393","title":{"rendered":"Kindergeburtstage"},"content":{"rendered":"<p><span style=\"color: #ff6600;\">ALLES LECKERE ZUM GEBURTSTAG!<\/span><\/p>\n<p><img loading=\"lazy\" class=\"size-full wp-image-400 alignleft\" src=\"https:\/\/burgerking-lueneburg.de\/wp-content\/uploads\/2014\/11\/kindergeburtstage.jpg\" alt=\"kindergeburtstage\" width=\"300\" height=\"196\"><\/p>\n<p>Was w\u00e4re ein Geburtstag ohne Kerzen? Wir z\u00fcnden f\u00fcr dich sogar einen ganzen Grill an \u2013 f\u00fcr ein leckeres Geburtstags-Menu. In unserem geschm\u00fcckten Partybereich kannst du mit deinen G\u00e4sten ungest\u00f6rt feiern. Deine Eltern m\u00fcssen sich um nichts k\u00fcmmern. Nur um die Geschenke. Mehr Infos gibt\u2019s in deinem Lieblingsrestaurant.<\/p>\n<p>Wir richten Ihren Kindergeburtstag aus. In einem separaten Raum l\u00e4sst es sich mit bis zu 12 Kindern super feiern. Im Aussenbereich befindet sich ein gro\u00dfes Playland. Eine Mitarbeiterin betreut Sie die gesamte Zeit.<\/p>\n<p>F\u00fcr 25,- \u20ac erhalten 5 Kinder ein Kid\u00b4s -Men\u00fc, 1 Torte und die Erwachsenen Kaffee gratis. Das Geburtstagskind erh\u00e4lt ein Geschenk. Zum Abschluss gibt\u2019s eine K\u00fcchenf\u00fchrung und ein Gratis-Eis. Sollten es mehr als 5 Kinder werden, wird jedes weitere Kind mit einem Kid\u00b4s-Men\u00fc f\u00fcr 3.30,-\u20ac berechnet.<\/p>\n<p>Anmeldung: 0 41 31 \u2013 72 72 74<\/p>\n<p><span style=\"color: #ff6600;\">Achtung, nur im Restaurant Adendorf!<\/span><\/p>\n","protected":false},"excerpt":{"rendered":"<p>ALLES LECKERE ZUM GEBURTSTAG! Was w\u00e4re ein Geburtstag ohne Kerzen? Wir z\u00fcnden f\u00fcr dich sogar einen ganzen Grill an \u2013 f\u00fcr ein leckeres Geburtstags-Menu. In unserem geschm\u00fcckten Partybereich kannst du mit deinen G\u00e4sten ungest\u00f6rt feiern. Deine Eltern m\u00fcssen sich um nichts k\u00fcmmern. Nur um die Geschenke. Mehr Infos gibt\u2019s in deinem Lieblingsrestaurant. Wir richten Ihren [&hellip;]<\/p>\n","protected":false},"author":1,"featured_media":0,"parent":0,"menu_order":0,"comment_status":"closed","ping_status":"closed","template":"full-width-page.php","meta":[],"_links":{"self":[{"href":"https:\/\/burgerking-lueneburg.de\/index.php?rest_route=\/wp\/v2\/pages\/393"}],"collection":[{"href":"https:\/\/burgerking-lueneburg.de\/index.php?rest_route=\/wp\/v2\/pages"}],"about":[{"href":"https:\/\/burgerking-lueneburg.de\/index.php?rest_route=\/wp\/v2\/types\/page"}],"author":[{"embeddable":true,"href":"https:\/\/burgerking-lueneburg.de\/index.php?rest_route=\/wp\/v2\/users\/1"}],"replies":[{"embeddable":true,"href":"https:\/\/burgerking-lueneburg.de\/index.php?rest_route=%2Fwp%2Fv2%2Fcomments&post=393"}],"version-history":[{"count":9,"href":"https:\/\/burgerking-lueneburg.de\/index.php?rest_route=\/wp\/v2\/pages\/393\/revisions"}],"predecessor-version":[{"id":1271,"href":"https:\/\/burgerking-lueneburg.de\/index.php?rest_route=\/wp\/v2\/pages\/393\/revisions\/1271"}],"wp:attachment":[{"href":"https:\/\/burgerking-lueneburg.de\/index.php?rest_route=%2Fwp%2Fv2%2Fmedia&parent=393"}],"curies":[{"name":"wp","href":"https:\/\/api.w.org\/{rel}","templated":true}]}}