{"id":38,"date":"2014-02-01T13:28:23","date_gmt":"2014-02-01T11:28:23","guid":{"rendered":"http:\/\/burgerking-lueneburg.de\/wp\/?page_id=38"},"modified":"2020-11-06T22:50:22","modified_gmt":"2020-11-06T20:50:22","slug":"familie-freunde","status":"publish","type":"page","link":"https:\/\/burgerking-lueneburg.de\/?page_id=38","title":{"rendered":"Kids"},"content":{"rendered":"<div id=\"metaslider-id-302\" style=\"max-width: 812px; margin: 0 auto;\" class=\"ml-slider-3-21-0 metaslider metaslider-nivo metaslider-302 ml-slider\">\n    <div id=\"metaslider_container_302\">\n        <div class='slider-wrapper theme-default'><div class='ribbon'><\/div><div id='metaslider_302' class='nivoSlider'><img src=\"https:\/\/burgerking-lueneburg.de\/wp-content\/uploads\/2014\/03\/sl1-812x464.jpg\" height=\"464\" width=\"812\" title=\"KingBox\" alt=\"KingBox\" class=\"slider-302 slide-303\" \/><\/div><\/div>\n        \n    <\/div>\n<\/div>\n<div>\n<h3><span style=\"color: #339966;\">GUT &amp; LECKER!<\/span><\/h3>\n<p><img loading=\"lazy\" class=\"alignleft wp-image-296 size-full\" src=\"https:\/\/burgerking-lueneburg.de\/wp-content\/uploads\/2014\/02\/kingbox_1.png\" alt=\"kingbox_1\" width=\"252\" height=\"231\" \/><\/p>\n<\/div>\n<div>\n<h3><span style=\"color: #339966;\">KLEINE GOLDST\u00dcCKE!<\/span><\/h3>\n<p><img loading=\"lazy\" class=\"wp-image-299 size-full alignleft\" src=\"https:\/\/burgerking-lueneburg.de\/wp-content\/uploads\/2014\/02\/kingbox_2.png\" alt=\"\" width=\"252\" height=\"231\" \/><\/p>\n<\/div>\n<div>\n<h3><span style=\"color: #339966;\">FRISCH VOM GRILL!<\/span><\/h3>\n<p><img loading=\"lazy\" class=\"wp-image-300 size-full align=left\" src=\"https:\/\/burgerking-lueneburg.de\/wp-content\/uploads\/2014\/02\/kingbox_3.png\" alt=\"\" width=\"252\" height=\"231\" \/><\/p>\n<p>Freu dich auf unseren leckeren Hamburger mit hohes C Orangensaft und unsere fruchtig-knackigen Apfel Pommes.<\/p>\n<div class=\"product-detail-image\"><img class=\"product-image\" title=\"\" src=\"https:\/\/www.burgerking.de\/tmp\/image-thumb__15213__product_detail\/tmp-7040-de.png\" alt=\"\" \/><\/div>\n<div class=\"row\">\n<div class=\"col-xs-12 col-sm-6 col-md-12 col-lg-6\">\n<table class=\"nutritions\" style=\"height: 1415px;\" width=\"577\">\n<tbody>\n<tr>\n<td>\n<h3>N\u00c4HRWERTE<\/h3>\n<\/td>\n<td><small>pro 100g<\/small><\/td>\n<td><small>Portion<\/small><\/td>\n<\/tr>\n<tr class=\"border\">\n<td>Brennwert<\/p>\n<p><small>(kCal)<\/small><\/td>\n<td>317,4<\/td>\n<td>1.341,6<\/td>\n<\/tr>\n<tr class=\"border\">\n<td>Brennwert<\/p>\n<p><small>(kJ)<\/small><\/td>\n<td>1.331,0<\/td>\n<td>5.626,1<\/td>\n<\/tr>\n<tr class=\"border\">\n<td>Fett<\/p>\n<p><small>(g)<\/small><\/td>\n<td>12,3<\/td>\n<td>52,0<\/td>\n<\/tr>\n<tr class=\"border\">\n<td>davon ges\u00e4ttigt<\/p>\n<p><small>(g)<\/small><\/td>\n<td>4,8<\/td>\n<td>20,3<\/td>\n<\/tr>\n<tr class=\"border\">\n<td>Kohlenhydrate<\/p>\n<p><small>(g)<\/small><\/td>\n<td>41,0<\/td>\n<td>173,3<\/td>\n<\/tr>\n<tr class=\"border\">\n<td>davon Zucker<\/p>\n<p><small>(g)<\/small><\/td>\n<td>22,1<\/td>\n<td>93,4<\/td>\n<\/tr>\n<tr class=\"border\">\n<td>Eiwei\u00df<\/p>\n<p><small>(g)<\/small><\/td>\n<td>13,0<\/td>\n<td>55,0<\/td>\n<\/tr>\n<tr class=\"border\">\n<td>Salz<\/p>\n<p><small>(g)<\/small><\/td>\n<td>1.490,0<\/td>\n<td>6.298,2<\/td>\n<\/tr>\n<tr class=\"border\">\n<td>einfach unges. Fetts\u00e4uren<\/p>\n<p><small>(g)<\/small><\/td>\n<td>5,0<\/td>\n<td>21,1<\/td>\n<\/tr>\n<tr class=\"border\">\n<td>mehrf.unges. Fetts\u00e4uren<\/p>\n<p><small>(g)<\/small><\/td>\n<td>1,3<\/td>\n<td>5,5<\/td>\n<\/tr>\n<tr class=\"border\">\n<td>Transfetts\u00e4uren<\/p>\n<p><small>(g)<\/small><\/td>\n<td>0,1<\/td>\n<td>0,4<\/td>\n<\/tr>\n<tr class=\"border\">\n<td>Ballaststoffe<\/p>\n<p><small>(g)<\/small><\/td>\n<td>4,9<\/td>\n<td>20,7<\/td>\n<\/tr>\n<\/tbody>\n<\/table>\n<\/div>\n<\/div>\n<\/div>\n<p><img loading=\"lazy\" class=\"aligncenter size-full wp-image-863\" src=\"https:\/\/burgerking-lueneburg.de\/wp-content\/uploads\/2014\/02\/kidsbox_de.png\" alt=\"kidsbox_de\" width=\"595\" height=\"440\" srcset=\"https:\/\/burgerking-lueneburg.de\/wp-content\/uploads\/2014\/02\/kidsbox_de.png 595w, https:\/\/burgerking-lueneburg.de\/wp-content\/uploads\/2014\/02\/kidsbox_de-300x222.png 300w\" sizes=\"(max-width: 595px) 100vw, 595px\" \/><\/p>\n","protected":false},"excerpt":{"rendered":"<p>GUT &amp; LECKER! KLEINE GOLDST\u00dcCKE! FRISCH VOM GRILL! Freu dich auf unseren leckeren Hamburger mit hohes C Orangensaft und unsere fruchtig-knackigen Apfel Pommes. N\u00c4HRWERTE pro 100g Portion Brennwert (kCal) 317,4 1.341,6 Brennwert (kJ) 1.331,0 5.626,1 Fett (g) 12,3 52,0 davon ges\u00e4ttigt (g) 4,8 20,3 Kohlenhydrate (g) 41,0 173,3 davon Zucker (g) 22,1 93,4 Eiwei\u00df (g) [&hellip;]<\/p>\n","protected":false},"author":1,"featured_media":0,"parent":0,"menu_order":0,"comment_status":"closed","ping_status":"open","template":"full-width-page.php","meta":[],"_links":{"self":[{"href":"https:\/\/burgerking-lueneburg.de\/index.php?rest_route=\/wp\/v2\/pages\/38"}],"collection":[{"href":"https:\/\/burgerking-lueneburg.de\/index.php?rest_route=\/wp\/v2\/pages"}],"about":[{"href":"https:\/\/burgerking-lueneburg.de\/index.php?rest_route=\/wp\/v2\/types\/page"}],"author":[{"embeddable":true,"href":"https:\/\/burgerking-lueneburg.de\/index.php?rest_route=\/wp\/v2\/users\/1"}],"replies":[{"embeddable":true,"href":"https:\/\/burgerking-lueneburg.de\/index.php?rest_route=%2Fwp%2Fv2%2Fcomments&post=38"}],"version-history":[{"count":89,"href":"https:\/\/burgerking-lueneburg.de\/index.php?rest_route=\/wp\/v2\/pages\/38\/revisions"}],"predecessor-version":[{"id":1427,"href":"https:\/\/burgerking-lueneburg.de\/index.php?rest_route=\/wp\/v2\/pages\/38\/revisions\/1427"}],"wp:attachment":[{"href":"https:\/\/burgerking-lueneburg.de\/index.php?rest_route=%2Fwp%2Fv2%2Fmedia&parent=38"}],"curies":[{"name":"wp","href":"https:\/\/api.w.org\/{rel}","templated":true}]}}