{"id":211,"date":"2014-02-25T21:53:20","date_gmt":"2014-02-25T19:53:20","guid":{"rendered":"http:\/\/burgerking-lueneburg.de\/wp\/?page_id=211"},"modified":"2022-01-29T23:56:24","modified_gmt":"2022-01-29T21:56:24","slug":"home-2","status":"publish","type":"page","link":"https:\/\/burgerking-lueneburg.de\/","title":{"rendered":"Geschmack ist King!"},"content":{"rendered":"<p><video class=\"vid_no_margin\" autoplay=\"autoplay\" loop=\"loop\" muted=\"true\" width=\"1270\" height=\"634\"><span data-mce-type=\"bookmark\" style=\"display: inline-block; width: 0px; overflow: hidden; line-height: 0;\" class=\"mce_SELRES_start\">\ufeff<\/span><source src=\"https:\/\/burgerking-lueneburg.de\/wp-content\/uploads\/2020\/07\/01_02_231_madetoorder-crown-standard_3.mp4\" type=\"video\/mp4\" \/><\/video><\/p>\n<style>\n    .vid_no_margin{<br \/>        margin: -20px 0;<br \/>    }<br \/><\/style>\n<hr \/>\n<div class=\"textwidget\">\n<section id=\"content\" class=\" \">\n<div class=\"kids-tiles-container\">\n<div class=\"kids-tiles-text\"><\/div>\n<div class=\"image-text-tile third kidsblue\">\n<div class=\"inner-text\">\n<div class=\"visible-md visible-lg\">\n<div class=\"styles__Row-sc-1ajd644-0 llsbYg\">\n<section class=\"previewWidget__Section-my0b6h-0 jRnvah\">\n<h4 class=\"previewWidget__CardTitle-my0b6h-1 ljaoKo\"><a href=\"https:\/\/www.burgerking.de\/rewards\/offers\" target=\"_blank\" rel=\"noopener\"><img loading=\"lazy\" class=\"aligncenter wp-image-1576 size-full\" src=\"https:\/\/burgerking-lueneburg.de\/wp-content\/uploads\/2022\/01\/coupons.png\" alt=\"\" width=\"1920\" height=\"700\" srcset=\"https:\/\/burgerking-lueneburg.de\/wp-content\/uploads\/2022\/01\/coupons.png 1920w, https:\/\/burgerking-lueneburg.de\/wp-content\/uploads\/2022\/01\/coupons-300x109.png 300w, https:\/\/burgerking-lueneburg.de\/wp-content\/uploads\/2022\/01\/coupons-1024x373.png 1024w, https:\/\/burgerking-lueneburg.de\/wp-content\/uploads\/2022\/01\/coupons-768x280.png 768w, https:\/\/burgerking-lueneburg.de\/wp-content\/uploads\/2022\/01\/coupons-1536x560.png 1536w\" sizes=\"(max-width: 1920px) 100vw, 1920px\" \/><\/a><\/h4>\n<\/section>\n<\/div>\n<\/div>\n<\/div>\n<\/div>\n<\/div>\n<\/section>\n<\/div>\n<div class=\"textwidget\">\n<hr \/>\n<\/div>\n<p>&nbsp;<\/p>\n<p class=\"aligncenter size-full wp-image-640\"><img loading=\"lazy\" class=\"aligncenter wp-image-767 size-full\" src=\"http:\/\/burgerking-lueneburg.de\/wp-content\/uploads\/2014\/02\/bk-app.jpg\" alt=\"\" width=\"555\" height=\"555\" srcset=\"https:\/\/burgerking-lueneburg.de\/wp-content\/uploads\/2014\/02\/bk-app.jpg 555w, https:\/\/burgerking-lueneburg.de\/wp-content\/uploads\/2014\/02\/bk-app-150x150.jpg 150w, https:\/\/burgerking-lueneburg.de\/wp-content\/uploads\/2014\/02\/bk-app-300x300.jpg 300w\" sizes=\"(max-width: 555px) 100vw, 555px\" \/><\/p>\n<div class=\"details\">\n<h3>Coupons immer dabei mit der Mobile app.<\/h3>\n<p>Mobile Coupons, KING FINDER und vieles mehr:<br \/>\nDie neue BURGER KING\u00ae App ist ganz nach deinem Geschmack. Der integrierte KING FINDER bringt dich \u00fcberall auf dem k\u00fcrzesten Weg zum n\u00e4chsten BURGER KING\u00ae Restaurant. Und mit den Mobile Coupons kannst du zudem noch bares Geld sparen. Einfach Mobile Coupon ausw\u00e4hlen, im Restaurant an der Kasse vorzeigen und genie\u00dfen. \u00dcber 1 Million User sind bereits begeistert.<\/p>\n<p>Jetzt im <a href=\"https:\/\/itunes.apple.com\/de\/app\/burger-king-de\/id471268068\" target=\"_blank\" rel=\"noopener noreferrer\">App Store<\/a> oder bei <a href=\"https:\/\/play.google.com\/store\/apps\/details?id=de.burgerking.kingfinder\" target=\"_blank\" rel=\"noopener noreferrer\">Google Play<\/a> herunter laden.<\/p>\n<\/div>\n","protected":false},"excerpt":{"rendered":"<p>\ufeff &nbsp; Coupons immer dabei mit der Mobile app. Mobile Coupons, KING FINDER und vieles mehr: Die neue BURGER KING\u00ae App ist ganz nach deinem Geschmack. Der integrierte KING FINDER bringt dich \u00fcberall auf dem k\u00fcrzesten Weg zum n\u00e4chsten BURGER KING\u00ae Restaurant. Und mit den Mobile Coupons kannst du zudem noch bares Geld sparen. Einfach [&hellip;]<\/p>\n","protected":false},"author":1,"featured_media":0,"parent":0,"menu_order":0,"comment_status":"closed","ping_status":"closed","template":"","meta":[],"_links":{"self":[{"href":"https:\/\/burgerking-lueneburg.de\/index.php?rest_route=\/wp\/v2\/pages\/211"}],"collection":[{"href":"https:\/\/burgerking-lueneburg.de\/index.php?rest_route=\/wp\/v2\/pages"}],"about":[{"href":"https:\/\/burgerking-lueneburg.de\/index.php?rest_route=\/wp\/v2\/types\/page"}],"author":[{"embeddable":true,"href":"https:\/\/burgerking-lueneburg.de\/index.php?rest_route=\/wp\/v2\/users\/1"}],"replies":[{"embeddable":true,"href":"https:\/\/burgerking-lueneburg.de\/index.php?rest_route=%2Fwp%2Fv2%2Fcomments&post=211"}],"version-history":[{"count":202,"href":"https:\/\/burgerking-lueneburg.de\/index.php?rest_route=\/wp\/v2\/pages\/211\/revisions"}],"predecessor-version":[{"id":1580,"href":"https:\/\/burgerking-lueneburg.de\/index.php?rest_route=\/wp\/v2\/pages\/211\/revisions\/1580"}],"wp:attachment":[{"href":"https:\/\/burgerking-lueneburg.de\/index.php?rest_route=%2Fwp%2Fv2%2Fmedia&parent=211"}],"curies":[{"name":"wp","href":"https:\/\/api.w.org\/{rel}","templated":true}]}}